{"id":14682,"date":"2026-03-19T07:36:01","date_gmt":"2026-03-19T07:36:01","guid":{"rendered":"https:\/\/brandlyclean.shop\/?post_type=product&#038;p=14682"},"modified":"2026-03-19T07:36:24","modified_gmt":"2026-03-19T07:36:24","slug":"kinder-bueno-chocolate-con-leche-y-crema-de-avellanas-3043gkinder-bueno-white-caja-de-30-unidadesbarritas-de-chocolate","status":"publish","type":"product","link":"https:\/\/brandlyclean.shop\/es\/producto\/kinder-bueno-chocolate-con-leche-y-crema-de-avellanas-3043gkinder-bueno-white-caja-de-30-unidadesbarritas-de-chocolate\/","title":{"rendered":"Kinder Bueno Chocolate con leche y crema de avellanas 30*43g,Kinder Bueno Blanco ,Caja de 30 unidades,Barritas de Chocolate"},"content":{"rendered":"<p><div style=\"width: 640px;\" class=\"wp-video\"><video class=\"wp-video-shortcode\" id=\"video-14682-1\" width=\"640\" height=\"360\" preload=\"metadata\" controls=\"controls\"><source type=\"video\/mp4\" src=\"https:\/\/teal-lobster-750471.hostingersite.com\/wp-content\/uploads\/2026\/03\/1-2.mp4?_=1\" \/><a href=\"https:\/\/teal-lobster-750471.hostingersite.com\/wp-content\/uploads\/2026\/03\/1-2.mp4\">https:\/\/teal-lobster-750471.hostingersite.com\/wp-content\/uploads\/2026\/03\/1-2.mp4<\/a><\/video><\/div><br \/>\n<strong>Sabor<\/strong><br \/>\nChocolate blanco, chocolate negro<br \/>\n<strong>Peso<\/strong><br \/>\n43 g por unidad<br \/>\n<strong>Tama\u00f1o<\/strong><br \/>\nTama\u00f1o est\u00e1ndar<br \/>\n<strong>Cantidad<\/strong><br \/>\n30 unidades<br \/>\n<strong>Para qui\u00e9n<\/strong><br \/>\nNi\u00f1os y adultos amantes del chocolate<\/p>\n<style>\n.product-table {\nwidth: 100%;\nborder-top: 1px solid #000;\nfont-family: Arial, sans-serif;\n}\n.product-row {\ndisplay: flex;\nborder-bottom: 1px solid #000;\npadding: 12px 0;\n}\n.product-label {\nflex: 1;\nfont-weight: bold;\nmin-width: 200px;\npadding-right: 20px;\n}\n.product-value {\nflex: 1;\nmin-width: 200px;\n}\n<\/style>\n<p>\t\t\t\t\t\t\t\t\t\t\t\t\t\t\t<img loading=\"lazy\" decoding=\"async\" width=\"800\" height=\"600\" src=\"https:\/\/teal-lobster-750471.hostingersite.com\/wp-content\/uploads\/2026\/03\/698085933e7541e5bd97fc6e991363a4_tplv-t5fjg24jzw-resize-jpeg_800_800-2.jpg\" alt=\"\" srcset=\"https:\/\/teal-lobster-750471.hostingersite.com\/wp-content\/uploads\/2026\/03\/698085933e7541e5bd97fc6e991363a4_tplv-t5fjg24jzw-resize-jpeg_800_800-2.jpg 800w, https:\/\/teal-lobster-750471.hostingersite.com\/wp-content\/uploads\/2026\/03\/698085933e7541e5bd97fc6e991363a4_tplv-t5fjg24jzw-resize-jpeg_800_800-2-300x225.jpg 300w, https:\/\/teal-lobster-750471.hostingersite.com\/wp-content\/uploads\/2026\/03\/698085933e7541e5bd97fc6e991363a4_tplv-t5fjg24jzw-resize-jpeg_800_800-2-768x576.jpg 768w, https:\/\/teal-lobster-750471.hostingersite.com\/wp-content\/uploads\/2026\/03\/698085933e7541e5bd97fc6e991363a4_tplv-t5fjg24jzw-resize-jpeg_800_800-2-16x12.jpg 16w, https:\/\/teal-lobster-750471.hostingersite.com\/wp-content\/uploads\/2026\/03\/698085933e7541e5bd97fc6e991363a4_tplv-t5fjg24jzw-resize-jpeg_800_800-2-600x450.jpg 600w, https:\/\/teal-lobster-750471.hostingersite.com\/wp-content\/uploads\/2026\/03\/698085933e7541e5bd97fc6e991363a4_tplv-t5fjg24jzw-resize-jpeg_800_800-2-1x1.jpg 1w, https:\/\/teal-lobster-750471.hostingersite.com\/wp-content\/uploads\/2026\/03\/698085933e7541e5bd97fc6e991363a4_tplv-t5fjg24jzw-resize-jpeg_800_800-2-10x8.jpg 10w\" sizes=\"auto, (max-width: 800px) 100vw, 800px\" \/>\t\t\t\t\t\t\t\t\t\t\t\t\t\t\t<\/p>\n<figure><img loading=\"lazy\" decoding=\"async\" width=\"300\" height=\"300\" src=\"https:\/\/teal-lobster-750471.hostingersite.com\/wp-content\/uploads\/2026\/03\/1-22.jpg\" alt=\"\" \/><\/figure>\n<h3>Date un capricho<\/h3>\n<p>Reg\u00e1lese a s\u00ed mismo o a un ser querido una tableta de chocolate con una textura aterciopelada y crujiente sin igual. Cada bocado ofrece un delicado equilibrio entre un suave y fluido relleno de avellana y un crujiente y ligero barquillo, todo ello recubierto de fino chocolate con leche. Es un momento de pura indulgencia, perfecto para compartir o guardar para uno mismo. Ya sea como un placer diario o un gesto especial, este exquisito capricho transforma cualquier descanso en una escapada de lujo.<\/p>\n<figure><img loading=\"lazy\" decoding=\"async\" width=\"800\" height=\"722\" src=\"https:\/\/teal-lobster-750471.hostingersite.com\/wp-content\/uploads\/2026\/03\/c03baf10774d467597d7700a94044a70_tplv-t5fjg24jzw-resize-jpeg_800_800-1.jpg\" alt=\"\" \/><\/figure>\n<h3>Compartir con amigos<\/h3>\n<p>Comparte las barritas Kinder Bueno durante un viaje por carretera, una divertida reuni\u00f3n con amigos o cualquier ocasi\u00f3n que requiera un delicioso capricho. Haz que cada momento sea m\u00e1s memorable llevando contigo la irresistible combinaci\u00f3n de crujiente barquillo y suave crema de avellanas. Es el snack definitivo para compartir los mejores momentos de la vida, grandes o peque\u00f1os.<\/p>\n<figure><img loading=\"lazy\" decoding=\"async\" width=\"300\" height=\"300\" src=\"https:\/\/teal-lobster-750471.hostingersite.com\/wp-content\/uploads\/2026\/03\/3-16.jpg\" alt=\"\" \/><\/figure>\n<h3>Disfrute sobre la marcha<\/h3>\n<p>Coge una barrita y disfruta del sabor del chocolate crujiente y la rica crema de avellanas sobre la marcha o durante la pausa para el caf\u00e9. Siente el chasquido satisfactorio al morder el ligero barquillo en capas, liberando el suave centro de avellana que se funde perfectamente en la lengua. Es el acompa\u00f1ante ideal para los momentos m\u00e1s ajetreados, tanto si vas con prisas de una reuni\u00f3n a otra, como si haces una pausa tranquila con tu espresso o simplemente necesitas un peque\u00f1o est\u00edmulo por la tarde.<\/p>\n<p>\t\t\t\t\t\t\t\t\t\t\t\t\t\t\t<img loading=\"lazy\" decoding=\"async\" width=\"970\" height=\"600\" src=\"https:\/\/teal-lobster-750471.hostingersite.com\/wp-content\/uploads\/2026\/03\/4-15.jpg\" alt=\"\" srcset=\"https:\/\/teal-lobster-750471.hostingersite.com\/wp-content\/uploads\/2026\/03\/4-15.jpg 970w, https:\/\/teal-lobster-750471.hostingersite.com\/wp-content\/uploads\/2026\/03\/4-15-300x186.jpg 300w, https:\/\/teal-lobster-750471.hostingersite.com\/wp-content\/uploads\/2026\/03\/4-15-768x475.jpg 768w, https:\/\/teal-lobster-750471.hostingersite.com\/wp-content\/uploads\/2026\/03\/4-15-18x12.jpg 18w, https:\/\/teal-lobster-750471.hostingersite.com\/wp-content\/uploads\/2026\/03\/4-15-600x371.jpg 600w, https:\/\/teal-lobster-750471.hostingersite.com\/wp-content\/uploads\/2026\/03\/4-15-1x1.jpg 1w, https:\/\/teal-lobster-750471.hostingersite.com\/wp-content\/uploads\/2026\/03\/4-15-10x6.jpg 10w\" sizes=\"auto, (max-width: 970px) 100vw, 970px\" \/><\/p>","protected":false},"excerpt":{"rendered":"<p>https:\/\/teal-lobster-750471.hostingersite.com\/wp-content\/uploads\/2026\/03\/1-2.mp4 Sabor Chocolate blanco, chocolate negro Peso 43 g por unidad Tama\u00f1o Tama\u00f1o est\u00e1ndar Cantidad 30 unidades Para qui\u00e9n Ni\u00f1os&#8230;<\/p>","protected":false},"featured_media":14685,"comment_status":"open","ping_status":"closed","template":"","meta":{"_acf_changed":false},"etheme_brands":[],"product_brand":[],"product_cat":[118],"product_tag":[],"class_list":{"0":"post-14682","1":"product","2":"type-product","3":"status-publish","4":"has-post-thumbnail","6":"product_cat-sale-shop","8":"first","9":"instock","10":"sale","11":"shipping-taxable","12":"purchasable","13":"product-type-variable","14":"has-default-attributes","15":"wvs-archive-product-wrapper"},"acf":[],"_links":{"self":[{"href":"https:\/\/brandlyclean.shop\/es\/wp-json\/wp\/v2\/product\/14682","targetHints":{"allow":["GET"]}}],"collection":[{"href":"https:\/\/brandlyclean.shop\/es\/wp-json\/wp\/v2\/product"}],"about":[{"href":"https:\/\/brandlyclean.shop\/es\/wp-json\/wp\/v2\/types\/product"}],"replies":[{"embeddable":true,"href":"https:\/\/brandlyclean.shop\/es\/wp-json\/wp\/v2\/comments?post=14682"}],"version-history":[{"count":2,"href":"https:\/\/brandlyclean.shop\/es\/wp-json\/wp\/v2\/product\/14682\/revisions"}],"predecessor-version":[{"id":14699,"href":"https:\/\/brandlyclean.shop\/es\/wp-json\/wp\/v2\/product\/14682\/revisions\/14699"}],"wp:featuredmedia":[{"embeddable":true,"href":"https:\/\/brandlyclean.shop\/es\/wp-json\/wp\/v2\/media\/14685"}],"wp:attachment":[{"href":"https:\/\/brandlyclean.shop\/es\/wp-json\/wp\/v2\/media?parent=14682"}],"wp:term":[{"taxonomy":"brand","embeddable":true,"href":"https:\/\/brandlyclean.shop\/es\/wp-json\/wp\/v2\/etheme_brands?post=14682"},{"taxonomy":"product_brand","embeddable":true,"href":"https:\/\/brandlyclean.shop\/es\/wp-json\/wp\/v2\/product_brand?post=14682"},{"taxonomy":"product_cat","embeddable":true,"href":"https:\/\/brandlyclean.shop\/es\/wp-json\/wp\/v2\/product_cat?post=14682"},{"taxonomy":"product_tag","embeddable":true,"href":"https:\/\/brandlyclean.shop\/es\/wp-json\/wp\/v2\/product_tag?post=14682"}],"curies":[{"name":"wp","href":"https:\/\/api.w.org\/{rel}","templated":true}]}}