{"id":14735,"date":"2026-03-28T03:06:48","date_gmt":"2026-03-28T03:06:48","guid":{"rendered":"https:\/\/brandlyclean.shop\/?post_type=product&#038;p=14735"},"modified":"2026-03-28T03:12:16","modified_gmt":"2026-03-28T03:12:16","slug":"1-rizador-de-cabello-de-2-barriles-rizador-de-pelo-de-ceramica-ajustable-en-temperatura-herramienta-de","status":"publish","type":"product","link":"https:\/\/brandlyclean.shop\/es\/producto\/1-rizador-de-cabello-de-2-barriles-rizador-de-pelo-de-ceramica-ajustable-en-temperatura-herramienta-de\/","title":{"rendered":"1 Rizador de Cabello de 2 barriles, Rizador de pelo de cer\u00e1mica ajustable en temperatura, Herramienta de"},"content":{"rendered":"<div data-elementor-type=\"product-post\" data-elementor-id=\"14735\" class=\"elementor elementor-14735\" data-elementor-post-type=\"product\">\n\t\t\t\t<div class=\"elementor-element elementor-element-3e955b6e e-flex e-con-boxed e-con e-parent\" data-id=\"3e955b6e\" data-element_type=\"container\" data-settings=\"{&quot;ekit_has_onepagescroll_dot&quot;:&quot;yes&quot;}\">\n\t\t\t\t\t<div class=\"e-con-inner\">\n\t\t<div class=\"elementor-element elementor-element-491e2dca e-grid e-con-full e-con e-child\" data-id=\"491e2dca\" data-element_type=\"container\" data-settings=\"{&quot;ekit_has_onepagescroll_dot&quot;:&quot;yes&quot;}\">\n\t\t\t\t<div class=\"elementor-element elementor-element-2226fae7 elementor-widget elementor-widget-image\" data-id=\"2226fae7\" data-element_type=\"widget\" data-settings=\"{&quot;ekit_we_effect_on&quot;:&quot;none&quot;}\" data-widget_type=\"image.default\">\n\t\t\t\t<div class=\"elementor-widget-container\">\n\t\t\t\t\t\t\t\t\t\t\t\t\t\t\t<img loading=\"lazy\" decoding=\"async\" width=\"800\" height=\"800\" src=\"https:\/\/brandlyclean.shop\/wp-content\/uploads\/2026\/03\/1-15.webp\" class=\"attachment-full size-full wp-image-14744 wvs-archive-product-image\" alt=\"\" srcset=\"https:\/\/brandlyclean.shop\/wp-content\/uploads\/2026\/03\/1-15.webp 800w, https:\/\/brandlyclean.shop\/wp-content\/uploads\/2026\/03\/1-15-300x300.webp 300w, https:\/\/brandlyclean.shop\/wp-content\/uploads\/2026\/03\/1-15-150x150.webp 150w, https:\/\/brandlyclean.shop\/wp-content\/uploads\/2026\/03\/1-15-768x768.webp 768w, https:\/\/brandlyclean.shop\/wp-content\/uploads\/2026\/03\/1-15-12x12.webp 12w, https:\/\/brandlyclean.shop\/wp-content\/uploads\/2026\/03\/1-15-600x600.webp 600w, https:\/\/brandlyclean.shop\/wp-content\/uploads\/2026\/03\/1-15-100x100.webp 100w, https:\/\/brandlyclean.shop\/wp-content\/uploads\/2026\/03\/1-15-50x50.webp 50w, https:\/\/brandlyclean.shop\/wp-content\/uploads\/2026\/03\/1-15-1x1.webp 1w, https:\/\/brandlyclean.shop\/wp-content\/uploads\/2026\/03\/1-15-10x10.webp 10w\" sizes=\"auto, (max-width: 800px) 100vw, 800px\" \/>\t\t\t\t\t\t\t\t\t\t\t\t\t\t\t<\/div>\n\t\t\t\t<\/div>\n\t\t\t\t<div class=\"elementor-element elementor-element-67dc5f4e elementor-widget elementor-widget-image\" data-id=\"67dc5f4e\" data-element_type=\"widget\" data-settings=\"{&quot;ekit_we_effect_on&quot;:&quot;none&quot;}\" data-widget_type=\"image.default\">\n\t\t\t\t<div class=\"elementor-widget-container\">\n\t\t\t\t\t\t\t\t\t\t\t\t\t\t\t<img loading=\"lazy\" decoding=\"async\" width=\"800\" height=\"800\" src=\"https:\/\/brandlyclean.shop\/wp-content\/uploads\/2026\/03\/3-18.webp\" class=\"attachment-full size-full wp-image-14745 wvs-archive-product-image\" alt=\"\" srcset=\"https:\/\/brandlyclean.shop\/wp-content\/uploads\/2026\/03\/3-18.webp 800w, https:\/\/brandlyclean.shop\/wp-content\/uploads\/2026\/03\/3-18-300x300.webp 300w, https:\/\/brandlyclean.shop\/wp-content\/uploads\/2026\/03\/3-18-150x150.webp 150w, https:\/\/brandlyclean.shop\/wp-content\/uploads\/2026\/03\/3-18-768x768.webp 768w, https:\/\/brandlyclean.shop\/wp-content\/uploads\/2026\/03\/3-18-12x12.webp 12w, https:\/\/brandlyclean.shop\/wp-content\/uploads\/2026\/03\/3-18-600x600.webp 600w, https:\/\/brandlyclean.shop\/wp-content\/uploads\/2026\/03\/3-18-100x100.webp 100w, https:\/\/brandlyclean.shop\/wp-content\/uploads\/2026\/03\/3-18-50x50.webp 50w, https:\/\/brandlyclean.shop\/wp-content\/uploads\/2026\/03\/3-18-1x1.webp 1w, https:\/\/brandlyclean.shop\/wp-content\/uploads\/2026\/03\/3-18-10x10.webp 10w\" sizes=\"auto, (max-width: 800px) 100vw, 800px\" \/>\t\t\t\t\t\t\t\t\t\t\t\t\t\t\t<\/div>\n\t\t\t\t<\/div>\n\t\t\t\t<\/div>\n\t\t\t\t<div class=\"elementor-element elementor-element-38197e35 elementor-widget elementor-widget-image\" data-id=\"38197e35\" data-element_type=\"widget\" data-settings=\"{&quot;ekit_we_effect_on&quot;:&quot;none&quot;}\" data-widget_type=\"image.default\">\n\t\t\t\t<div class=\"elementor-widget-container\">\n\t\t\t\t\t\t\t\t\t\t\t\t\t\t\t<img loading=\"lazy\" decoding=\"async\" width=\"800\" height=\"800\" src=\"https:\/\/brandlyclean.shop\/wp-content\/uploads\/2026\/03\/2-17.webp\" class=\"attachment-full size-full wp-image-14746 wvs-archive-product-image\" alt=\"\" srcset=\"https:\/\/brandlyclean.shop\/wp-content\/uploads\/2026\/03\/2-17.webp 800w, https:\/\/brandlyclean.shop\/wp-content\/uploads\/2026\/03\/2-17-300x300.webp 300w, https:\/\/brandlyclean.shop\/wp-content\/uploads\/2026\/03\/2-17-150x150.webp 150w, https:\/\/brandlyclean.shop\/wp-content\/uploads\/2026\/03\/2-17-768x768.webp 768w, https:\/\/brandlyclean.shop\/wp-content\/uploads\/2026\/03\/2-17-12x12.webp 12w, https:\/\/brandlyclean.shop\/wp-content\/uploads\/2026\/03\/2-17-600x600.webp 600w, https:\/\/brandlyclean.shop\/wp-content\/uploads\/2026\/03\/2-17-100x100.webp 100w, https:\/\/brandlyclean.shop\/wp-content\/uploads\/2026\/03\/2-17-50x50.webp 50w, https:\/\/brandlyclean.shop\/wp-content\/uploads\/2026\/03\/2-17-1x1.webp 1w, https:\/\/brandlyclean.shop\/wp-content\/uploads\/2026\/03\/2-17-10x10.webp 10w\" sizes=\"auto, (max-width: 800px) 100vw, 800px\" \/>\t\t\t\t\t\t\t\t\t\t\t\t\t\t\t<\/div>\n\t\t\t\t<\/div>\n\t\t\t\t<div class=\"elementor-element elementor-element-4b2843d4 elementor-widget elementor-widget-image\" data-id=\"4b2843d4\" data-element_type=\"widget\" data-settings=\"{&quot;ekit_we_effect_on&quot;:&quot;none&quot;}\" data-widget_type=\"image.default\">\n\t\t\t\t<div class=\"elementor-widget-container\">\n\t\t\t\t\t\t\t\t\t\t\t\t\t\t\t<img loading=\"lazy\" decoding=\"async\" width=\"800\" height=\"800\" src=\"https:\/\/brandlyclean.shop\/wp-content\/uploads\/2026\/03\/4-15.webp\" class=\"attachment-full size-full wp-image-14747 wvs-archive-product-image\" alt=\"\" srcset=\"https:\/\/brandlyclean.shop\/wp-content\/uploads\/2026\/03\/4-15.webp 800w, https:\/\/brandlyclean.shop\/wp-content\/uploads\/2026\/03\/4-15-300x300.webp 300w, https:\/\/brandlyclean.shop\/wp-content\/uploads\/2026\/03\/4-15-150x150.webp 150w, https:\/\/brandlyclean.shop\/wp-content\/uploads\/2026\/03\/4-15-768x768.webp 768w, https:\/\/brandlyclean.shop\/wp-content\/uploads\/2026\/03\/4-15-12x12.webp 12w, https:\/\/brandlyclean.shop\/wp-content\/uploads\/2026\/03\/4-15-600x600.webp 600w, https:\/\/brandlyclean.shop\/wp-content\/uploads\/2026\/03\/4-15-100x100.webp 100w, https:\/\/brandlyclean.shop\/wp-content\/uploads\/2026\/03\/4-15-50x50.webp 50w, https:\/\/brandlyclean.shop\/wp-content\/uploads\/2026\/03\/4-15-1x1.webp 1w, https:\/\/brandlyclean.shop\/wp-content\/uploads\/2026\/03\/4-15-10x10.webp 10w\" sizes=\"auto, (max-width: 800px) 100vw, 800px\" \/>\t\t\t\t\t\t\t\t\t\t\t\t\t\t\t<\/div>\n\t\t\t\t<\/div>\n\t\t<div class=\"elementor-element elementor-element-510f0a9d e-grid e-con-full e-con e-child\" data-id=\"510f0a9d\" data-element_type=\"container\" data-settings=\"{&quot;ekit_has_onepagescroll_dot&quot;:&quot;yes&quot;}\">\n\t\t\t\t<div class=\"elementor-element elementor-element-60cfba2c elementor-widget elementor-widget-image\" data-id=\"60cfba2c\" data-element_type=\"widget\" data-settings=\"{&quot;ekit_we_effect_on&quot;:&quot;none&quot;}\" data-widget_type=\"image.default\">\n\t\t\t\t<div class=\"elementor-widget-container\">\n\t\t\t\t\t\t\t\t\t\t\t\t\t\t\t<img loading=\"lazy\" decoding=\"async\" width=\"790\" height=\"790\" src=\"https:\/\/brandlyclean.shop\/wp-content\/uploads\/2026\/03\/S70c18e9bb981420dbf5489f4f8cb4a53m.webp\" class=\"attachment-full size-full wp-image-14748 wvs-archive-product-image\" alt=\"\" srcset=\"https:\/\/brandlyclean.shop\/wp-content\/uploads\/2026\/03\/S70c18e9bb981420dbf5489f4f8cb4a53m.webp 790w, https:\/\/brandlyclean.shop\/wp-content\/uploads\/2026\/03\/S70c18e9bb981420dbf5489f4f8cb4a53m-300x300.webp 300w, https:\/\/brandlyclean.shop\/wp-content\/uploads\/2026\/03\/S70c18e9bb981420dbf5489f4f8cb4a53m-150x150.webp 150w, https:\/\/brandlyclean.shop\/wp-content\/uploads\/2026\/03\/S70c18e9bb981420dbf5489f4f8cb4a53m-768x768.webp 768w, https:\/\/brandlyclean.shop\/wp-content\/uploads\/2026\/03\/S70c18e9bb981420dbf5489f4f8cb4a53m-12x12.webp 12w, https:\/\/brandlyclean.shop\/wp-content\/uploads\/2026\/03\/S70c18e9bb981420dbf5489f4f8cb4a53m-600x600.webp 600w, https:\/\/brandlyclean.shop\/wp-content\/uploads\/2026\/03\/S70c18e9bb981420dbf5489f4f8cb4a53m-100x100.webp 100w, https:\/\/brandlyclean.shop\/wp-content\/uploads\/2026\/03\/S70c18e9bb981420dbf5489f4f8cb4a53m-50x50.webp 50w, https:\/\/brandlyclean.shop\/wp-content\/uploads\/2026\/03\/S70c18e9bb981420dbf5489f4f8cb4a53m-1x1.webp 1w, https:\/\/brandlyclean.shop\/wp-content\/uploads\/2026\/03\/S70c18e9bb981420dbf5489f4f8cb4a53m-10x10.webp 10w\" sizes=\"auto, (max-width: 790px) 100vw, 790px\" \/>\t\t\t\t\t\t\t\t\t\t\t\t\t\t\t<\/div>\n\t\t\t\t<\/div>\n\t\t\t\t<div class=\"elementor-element elementor-element-4a4332a6 elementor-widget elementor-widget-image\" data-id=\"4a4332a6\" data-element_type=\"widget\" data-settings=\"{&quot;ekit_we_effect_on&quot;:&quot;none&quot;}\" data-widget_type=\"image.default\">\n\t\t\t\t<div class=\"elementor-widget-container\">\n\t\t\t\t\t\t\t\t\t\t\t\t\t\t\t<img loading=\"lazy\" decoding=\"async\" width=\"800\" height=\"800\" src=\"https:\/\/brandlyclean.shop\/wp-content\/uploads\/2026\/03\/S9868e203342046abb213ce4c6dbac891v.webp\" class=\"attachment-full size-full wp-image-14749 wvs-archive-product-image\" alt=\"\" srcset=\"https:\/\/brandlyclean.shop\/wp-content\/uploads\/2026\/03\/S9868e203342046abb213ce4c6dbac891v.webp 800w, https:\/\/brandlyclean.shop\/wp-content\/uploads\/2026\/03\/S9868e203342046abb213ce4c6dbac891v-300x300.webp 300w, https:\/\/brandlyclean.shop\/wp-content\/uploads\/2026\/03\/S9868e203342046abb213ce4c6dbac891v-150x150.webp 150w, https:\/\/brandlyclean.shop\/wp-content\/uploads\/2026\/03\/S9868e203342046abb213ce4c6dbac891v-768x768.webp 768w, https:\/\/brandlyclean.shop\/wp-content\/uploads\/2026\/03\/S9868e203342046abb213ce4c6dbac891v-12x12.webp 12w, https:\/\/brandlyclean.shop\/wp-content\/uploads\/2026\/03\/S9868e203342046abb213ce4c6dbac891v-600x600.webp 600w, https:\/\/brandlyclean.shop\/wp-content\/uploads\/2026\/03\/S9868e203342046abb213ce4c6dbac891v-100x100.webp 100w, https:\/\/brandlyclean.shop\/wp-content\/uploads\/2026\/03\/S9868e203342046abb213ce4c6dbac891v-50x50.webp 50w, https:\/\/brandlyclean.shop\/wp-content\/uploads\/2026\/03\/S9868e203342046abb213ce4c6dbac891v-1x1.webp 1w, https:\/\/brandlyclean.shop\/wp-content\/uploads\/2026\/03\/S9868e203342046abb213ce4c6dbac891v-10x10.webp 10w\" sizes=\"auto, (max-width: 800px) 100vw, 800px\" \/>\t\t\t\t\t\t\t\t\t\t\t\t\t\t\t<\/div>\n\t\t\t\t<\/div>\n\t\t\t\t<\/div>\n\t\t\t\t<div class=\"elementor-element elementor-element-4ab50549 elementor-widget elementor-widget-image\" data-id=\"4ab50549\" data-element_type=\"widget\" data-settings=\"{&quot;ekit_we_effect_on&quot;:&quot;none&quot;}\" data-widget_type=\"image.default\">\n\t\t\t\t<div class=\"elementor-widget-container\">\n\t\t\t\t\t\t\t\t\t\t\t\t\t\t\t<img loading=\"lazy\" decoding=\"async\" width=\"800\" height=\"800\" src=\"https:\/\/brandlyclean.shop\/wp-content\/uploads\/2026\/03\/5-14.webp\" class=\"attachment-full size-full wp-image-14750 wvs-archive-product-image\" alt=\"\" srcset=\"https:\/\/brandlyclean.shop\/wp-content\/uploads\/2026\/03\/5-14.webp 800w, https:\/\/brandlyclean.shop\/wp-content\/uploads\/2026\/03\/5-14-300x300.webp 300w, https:\/\/brandlyclean.shop\/wp-content\/uploads\/2026\/03\/5-14-150x150.webp 150w, https:\/\/brandlyclean.shop\/wp-content\/uploads\/2026\/03\/5-14-768x768.webp 768w, https:\/\/brandlyclean.shop\/wp-content\/uploads\/2026\/03\/5-14-12x12.webp 12w, https:\/\/brandlyclean.shop\/wp-content\/uploads\/2026\/03\/5-14-600x600.webp 600w, https:\/\/brandlyclean.shop\/wp-content\/uploads\/2026\/03\/5-14-100x100.webp 100w, https:\/\/brandlyclean.shop\/wp-content\/uploads\/2026\/03\/5-14-50x50.webp 50w, https:\/\/brandlyclean.shop\/wp-content\/uploads\/2026\/03\/5-14-1x1.webp 1w, https:\/\/brandlyclean.shop\/wp-content\/uploads\/2026\/03\/5-14-10x10.webp 10w\" sizes=\"auto, (max-width: 800px) 100vw, 800px\" \/>\t\t\t\t\t\t\t\t\t\t\t\t\t\t\t<\/div>\n\t\t\t\t<\/div>\n\t\t\t\t<div class=\"elementor-element elementor-element-3fd57509 elementor-widget elementor-widget-image\" data-id=\"3fd57509\" data-element_type=\"widget\" data-settings=\"{&quot;ekit_we_effect_on&quot;:&quot;none&quot;}\" data-widget_type=\"image.default\">\n\t\t\t\t<div class=\"elementor-widget-container\">\n\t\t\t\t\t\t\t\t\t\t\t\t\t\t\t<img loading=\"lazy\" decoding=\"async\" width=\"800\" height=\"800\" src=\"https:\/\/brandlyclean.shop\/wp-content\/uploads\/2026\/03\/6-15.webp\" class=\"attachment-full size-full wp-image-14751 wvs-archive-product-image\" alt=\"\" srcset=\"https:\/\/brandlyclean.shop\/wp-content\/uploads\/2026\/03\/6-15.webp 800w, https:\/\/brandlyclean.shop\/wp-content\/uploads\/2026\/03\/6-15-300x300.webp 300w, https:\/\/brandlyclean.shop\/wp-content\/uploads\/2026\/03\/6-15-150x150.webp 150w, https:\/\/brandlyclean.shop\/wp-content\/uploads\/2026\/03\/6-15-768x768.webp 768w, https:\/\/brandlyclean.shop\/wp-content\/uploads\/2026\/03\/6-15-12x12.webp 12w, https:\/\/brandlyclean.shop\/wp-content\/uploads\/2026\/03\/6-15-600x600.webp 600w, https:\/\/brandlyclean.shop\/wp-content\/uploads\/2026\/03\/6-15-100x100.webp 100w, https:\/\/brandlyclean.shop\/wp-content\/uploads\/2026\/03\/6-15-50x50.webp 50w, https:\/\/brandlyclean.shop\/wp-content\/uploads\/2026\/03\/6-15-1x1.webp 1w, https:\/\/brandlyclean.shop\/wp-content\/uploads\/2026\/03\/6-15-10x10.webp 10w\" sizes=\"auto, (max-width: 800px) 100vw, 800px\" \/>\t\t\t\t\t\t\t\t\t\t\t\t\t\t\t<\/div>\n\t\t\t\t<\/div>\n\t\t\t\t<div class=\"elementor-element elementor-element-df1b9a0 elementor-widget elementor-widget-text-editor\" data-id=\"df1b9a0\" data-element_type=\"widget\" data-settings=\"{&quot;ekit_we_effect_on&quot;:&quot;none&quot;}\" data-widget_type=\"text-editor.default\">\n\t\t\t\t<div class=\"elementor-widget-container\">\n\t\t\t\t\t\t\t\t\t<table class=\"specs-table\">\n    <tr>\n        <td>Detalles<\/td>\n        <td><\/td>\n    <\/tr>\n    <tr>\n        <td>\u00bfIncluye bater\u00edas?<\/td>\n        <td><span class=\"no-badge\">No<\/span><\/td>\n    <\/tr>\n    <tr>\n        <td>Producto qu\u00edmico altamente preocupante<\/td>\n        <td><span class=\"none-badge\">Ninguno<\/span><\/td>\n    <\/tr>\n    <tr>\n        <td>Certificaci\u00f3n de Calidad de Productos B\u00e1sicos<\/td>\n        <td><span class=\"cert-badge\">ce<\/span><\/td>\n    <\/tr>\n    <tr>\n        <td>Cabello aplicable<\/td>\n        <td><span class=\"hair-badge\">Seco y h\u00famedo<\/span><\/td>\n    <\/tr>\n    <tr>\n        <td>temperatura m\u00ednima<\/td>\n        <td><span class=\"temp-badge min-temp\">120 \u00b0 C<\/span><\/td>\n    <\/tr>\n    <tr>\n        <td>m\u00e1x. temperatura<\/td>\n        <td><span class=\"temp-badge max-temp\">230 \u00b0 C<\/span><\/td>\n    <\/tr>\n<\/table>\n\n<style>\n    .specs-table {\n        width: 100%;\n        border-collapse: collapse;\n        font-family: 'Segoe UI', Arial, sans-serif;\n        font-size: 14px;\n    }\n    .specs-table tr {\n        border-bottom: 1px solid #e0e0e0;\n    }\n    .specs-table td {\n        padding: 12px 0;\n        text-align: left;\n        vertical-align: top;\n    }\n    .specs-table td:first-child {\n        font-weight: 600;\n        width: 45%;\n        color: #2c3e50;\n    }\n    .specs-table td:last-child {\n        width: 55%;\n    }\n    .no-badge {\n        background-color: #ffebee;\n        color: #c62828;\n        padding: 8px 16px;\n        border-radius: 4px;\n        font-weight: 600;\n        display: inline-block;\n        border: 1px solid #ffcdd2;\n    }\n    .none-badge {\n        background-color: #f5f5f5;\n        color: #757575;\n        padding: 8px 16px;\n        border-radius: 4px;\n        font-style: italic;\n        display: inline-block;\n        border: 1px solid #e0e0e0;\n    }\n    .cert-badge {\n        background-color: #fff8e1;\n        color: #ff8f00;\n        padding: 8px 16px;\n        border-radius: 4px;\n        font-weight: 700;\n        text-transform: uppercase;\n        display: inline-block;\n        border: 1px solid #ffecb3;\n    }\n    .hair-badge {\n        background-color: #e8f5e9;\n        color: #2e7d32;\n        padding: 8px 16px;\n        border-radius: 4px;\n        font-weight: 600;\n        display: inline-block;\n        border: 1px solid #c8e6c9;\n    }\n    .temp-badge {\n        padding: 8px 16px;\n        border-radius: 4px;\n        font-weight: 600;\n        display: inline-block;\n        font-family: 'Consolas', monospace;\n    }\n    .min-temp {\n        background-color: #e3f2fd;\n        color: #1565c0;\n        border: 1px solid #bbdefb;\n    }\n    .max-temp {\n        background-color: #f3e5f5;\n        color: #7b1fa2;\n        border: 1px solid #e1bee7;\n    }\n<\/style>\t\t\t\t\t\t\t\t<\/div>\n\t\t\t\t<\/div>\n\t\t\t\t\t<\/div>\n\t\t\t\t<\/div>\n\t\t\t\t<\/div>","protected":false},"excerpt":{"rendered":"<p>Detalles \u00bfIncluye bater\u00edas? No Producto qu\u00edmico de alta preocupaci\u00f3n Ninguno Certificaci\u00f3n de Calidad de Productos B\u00e1sicos ce Cabello aplicable Seco&#8230;<\/p>","protected":false},"featured_media":14736,"comment_status":"open","ping_status":"closed","template":"","meta":{"_acf_changed":false},"etheme_brands":[],"product_brand":[],"product_cat":[118],"product_tag":[],"class_list":{"0":"post-14735","1":"product","2":"type-product","3":"status-publish","4":"has-post-thumbnail","6":"product_cat-sale-shop","8":"first","9":"instock","10":"sale","11":"shipping-taxable","12":"purchasable","13":"product-type-simple"},"acf":[],"_links":{"self":[{"href":"https:\/\/brandlyclean.shop\/es\/wp-json\/wp\/v2\/product\/14735","targetHints":{"allow":["GET"]}}],"collection":[{"href":"https:\/\/brandlyclean.shop\/es\/wp-json\/wp\/v2\/product"}],"about":[{"href":"https:\/\/brandlyclean.shop\/es\/wp-json\/wp\/v2\/types\/product"}],"replies":[{"embeddable":true,"href":"https:\/\/brandlyclean.shop\/es\/wp-json\/wp\/v2\/comments?post=14735"}],"version-history":[{"count":4,"href":"https:\/\/brandlyclean.shop\/es\/wp-json\/wp\/v2\/product\/14735\/revisions"}],"predecessor-version":[{"id":14759,"href":"https:\/\/brandlyclean.shop\/es\/wp-json\/wp\/v2\/product\/14735\/revisions\/14759"}],"wp:featuredmedia":[{"embeddable":true,"href":"https:\/\/brandlyclean.shop\/es\/wp-json\/wp\/v2\/media\/14736"}],"wp:attachment":[{"href":"https:\/\/brandlyclean.shop\/es\/wp-json\/wp\/v2\/media?parent=14735"}],"wp:term":[{"taxonomy":"brand","embeddable":true,"href":"https:\/\/brandlyclean.shop\/es\/wp-json\/wp\/v2\/etheme_brands?post=14735"},{"taxonomy":"product_brand","embeddable":true,"href":"https:\/\/brandlyclean.shop\/es\/wp-json\/wp\/v2\/product_brand?post=14735"},{"taxonomy":"product_cat","embeddable":true,"href":"https:\/\/brandlyclean.shop\/es\/wp-json\/wp\/v2\/product_cat?post=14735"},{"taxonomy":"product_tag","embeddable":true,"href":"https:\/\/brandlyclean.shop\/es\/wp-json\/wp\/v2\/product_tag?post=14735"}],"curies":[{"name":"wp","href":"https:\/\/api.w.org\/{rel}","templated":true}]}}